{"id":1059,"date":"2025-02-18T21:56:02","date_gmt":"2025-02-19T00:56:02","guid":{"rendered":"https:\/\/pellininsumos.com\/?page_id=1059"},"modified":"2025-07-22T21:05:01","modified_gmt":"2025-07-23T00:05:01","slug":"sobre","status":"publish","type":"page","link":"https:\/\/pellininsumos.com\/?page_id=1059","title":{"rendered":"sobre"},"content":{"rendered":"\t\t<div data-elementor-type=\"wp-page\" data-elementor-id=\"1059\" class=\"elementor elementor-1059\">\n\t\t\t\t\t\t<section class=\"elementor-section elementor-top-section elementor-element elementor-element-35eca46a elementor-section-boxed elementor-section-height-default elementor-section-height-default\" data-id=\"35eca46a\" data-element_type=\"section\">\n\t\t\t\t\t\t<div class=\"elementor-container elementor-column-gap-no\">\n\t\t\t\t\t<div class=\"elementor-column elementor-col-50 elementor-top-column elementor-element elementor-element-7ce8680e\" data-id=\"7ce8680e\" data-element_type=\"column\">\n\t\t\t<div class=\"elementor-widget-wrap elementor-element-populated\">\n\t\t\t\t\t\t<div class=\"elementor-element elementor-element-458a169b elementor-invisible elementor-widget elementor-widget-heading\" data-id=\"458a169b\" data-element_type=\"widget\" data-settings=\"{&quot;_animation&quot;:&quot;fadeInLeft&quot;}\" data-widget_type=\"heading.default\">\n\t\t\t\t<div class=\"elementor-widget-container\">\n\t\t\t\t\t<h1 class=\"elementor-heading-title elementor-size-default\">Pellin insumos<\/h1>\t\t\t\t<\/div>\n\t\t\t\t<\/div>\n\t\t\t\t<div class=\"elementor-element elementor-element-178035ae elementor-invisible elementor-widget elementor-widget-text-editor\" data-id=\"178035ae\" data-element_type=\"widget\" data-settings=\"{&quot;_animation&quot;:&quot;fadeInLeft&quot;}\" data-widget_type=\"text-editor.default\">\n\t\t\t\t<div class=\"elementor-widget-container\">\n\t\t\t\t\t\t\t\t\t<p>Desde 2016, somos a sua fonte confi\u00e1vel de insumos para m\u00e1quinas da ind\u00fastria moveleira. Com um compromisso inabal\u00e1vel com a qualidade e a inova\u00e7\u00e3o, oferecemos uma ampla gama de produtos e pe\u00e7as essenciais para atender \u00e0s necessidades de marceneiros e ind\u00fastrias do setor moveleiro. Nossa miss\u00e3o \u00e9 fornecer solu\u00e7\u00f5es que impulsionem a efici\u00eancia e a produtividade da sua f\u00e1brica, garantindo que voc\u00ea tenha tudo o que precisa para criar m\u00f3veis de alta qualidade.<\/p><p>Fornecemos uma vasta gama de pe\u00e7as de reposi\u00e7\u00e3o de alta qualidade, projetadas especificamente para atender \u00e0s necessidades das m\u00e1quinas utilizadas na marcenaria e na fabrica\u00e7\u00e3o de m\u00f3veis.<\/p><p>Nossos produtos incluem:<\/p><p>&#8211; L\u00e2minas e Fresas: Essenciais para cortes precisos e acabamentos de alta qualidade.<\/p><p>&#8211; Rolamentos e Eixos: Garantem o funcionamento suave e eficiente das m\u00e1quinas.<\/p><p>&#8211; Correias e Polias: Cruciais para a transmiss\u00e3o de pot\u00eancia e movimento.<\/p><p>&#8211; Motores e Componentes El\u00e9tricos: Para garantir que suas m\u00e1quinas operem com a m\u00e1xima efici\u00eancia.<\/p><p>&#8211; Pe\u00e7as de Reposi\u00e7\u00e3o Espec\u00edficas: Atendemos a uma variedade de marcas e modelos, oferecendo solu\u00e7\u00f5es personalizadas para cada necessidade.<\/p><p>Na Pellin Insumos, estamos comprometidos em oferecer uma ampla variedade de pe\u00e7as de reposi\u00e7\u00e3o para atender todas as suas necessidades na ind\u00fastria moveleira. Se precisar de mais informa\u00e7\u00f5es ou tiver alguma d\u00favida espec\u00edfica, estou \u00e0 disposi\u00e7\u00e3o para ajudar!<\/p><div>\u00a0<\/div>\t\t\t\t\t\t\t\t<\/div>\n\t\t\t\t<\/div>\n\t\t\t\t<div class=\"elementor-element elementor-element-38521331 elementor-mobile-align-center elementor-invisible elementor-widget elementor-widget-button\" data-id=\"38521331\" data-element_type=\"widget\" data-settings=\"{&quot;_animation&quot;:&quot;fadeInLeft&quot;}\" data-widget_type=\"button.default\">\n\t\t\t\t<div class=\"elementor-widget-container\">\n\t\t\t\t\t\t\t\t\t<div class=\"elementor-button-wrapper\">\n\t\t\t\t\t<a class=\"elementor-button elementor-button-link elementor-size-sm\" href=\"https:\/\/api.whatsapp.com\/send?phone=5554996961694\">\n\t\t\t\t\t\t<span class=\"elementor-button-content-wrapper\">\n\t\t\t\t\t\t\t\t\t<span class=\"elementor-button-text\">ENTRE EM CONTATO<\/span>\n\t\t\t\t\t<\/span>\n\t\t\t\t\t<\/a>\n\t\t\t\t<\/div>\n\t\t\t\t\t\t\t\t<\/div>\n\t\t\t\t<\/div>\n\t\t\t\t\t<\/div>\n\t\t<\/div>\n\t\t\t\t<div class=\"elementor-column elementor-col-50 elementor-top-column elementor-element elementor-element-2b201150\" data-id=\"2b201150\" data-element_type=\"column\">\n\t\t\t<div class=\"elementor-widget-wrap\">\n\t\t\t\t\t\t\t<\/div>\n\t\t<\/div>\n\t\t\t\t\t<\/div>\n\t\t<\/section>\n\t\t\t\t<\/div>\n\t\t","protected":false},"excerpt":{"rendered":"<p>Pellin insumos Desde 2016, somos a sua fonte confi\u00e1vel de insumos para m\u00e1quinas da ind\u00fastria moveleira. Com um compromisso inabal\u00e1vel com a qualidade e a inova\u00e7\u00e3o, oferecemos uma ampla gama de produtos e pe\u00e7as essenciais para atender \u00e0s necessidades de marceneiros e ind\u00fastrias do setor moveleiro. Nossa miss\u00e3o \u00e9 fornecer solu\u00e7\u00f5es que impulsionem a efici\u00eancia [&hellip;]<\/p>\n","protected":false},"author":1,"featured_media":0,"parent":0,"menu_order":0,"comment_status":"closed","ping_status":"closed","template":"","meta":{"site-sidebar-layout":"no-sidebar","site-content-layout":"page-builder","ast-site-content-layout":"full-width-container","site-content-style":"default","site-sidebar-style":"default","ast-global-header-display":"","ast-banner-title-visibility":"","ast-main-header-display":"","ast-hfb-above-header-display":"","ast-hfb-below-header-display":"","ast-hfb-mobile-header-display":"","site-post-title":"disabled","ast-breadcrumbs-content":"","ast-featured-img":"disabled","footer-sml-layout":"","theme-transparent-header-meta":"","adv-header-id-meta":"","stick-header-meta":"","header-above-stick-meta":"","header-main-stick-meta":"","header-below-stick-meta":"","astra-migrate-meta-layouts":"set","ast-page-background-enabled":"default","ast-page-background-meta":{"desktop":{"background-color":"","background-image":"","background-repeat":"repeat","background-position":"center center","background-size":"auto","background-attachment":"scroll","background-type":"","background-media":"","overlay-type":"","overlay-color":"","overlay-opacity":"","overlay-gradient":""},"tablet":{"background-color":"","background-image":"","background-repeat":"repeat","background-position":"center center","background-size":"auto","background-attachment":"scroll","background-type":"","background-media":"","overlay-type":"","overlay-color":"","overlay-opacity":"","overlay-gradient":""},"mobile":{"background-color":"","background-image":"","background-repeat":"repeat","background-position":"center center","background-size":"auto","background-attachment":"scroll","background-type":"","background-media":"","overlay-type":"","overlay-color":"","overlay-opacity":"","overlay-gradient":""}},"ast-content-background-meta":{"desktop":{"background-color":"var(--ast-global-color-5)","background-image":"","background-repeat":"repeat","background-position":"center center","background-size":"auto","background-attachment":"scroll","background-type":"","background-media":"","overlay-type":"","overlay-color":"","overlay-opacity":"","overlay-gradient":""},"tablet":{"background-color":"var(--ast-global-color-5)","background-image":"","background-repeat":"repeat","background-position":"center center","background-size":"auto","background-attachment":"scroll","background-type":"","background-media":"","overlay-type":"","overlay-color":"","overlay-opacity":"","overlay-gradient":""},"mobile":{"background-color":"var(--ast-global-color-5)","background-image":"","background-repeat":"repeat","background-position":"center center","background-size":"auto","background-attachment":"scroll","background-type":"","background-media":"","overlay-type":"","overlay-color":"","overlay-opacity":"","overlay-gradient":""}},"footnotes":""},"class_list":["post-1059","page","type-page","status-publish","hentry"],"_links":{"self":[{"href":"https:\/\/pellininsumos.com\/index.php?rest_route=\/wp\/v2\/pages\/1059","targetHints":{"allow":["GET"]}}],"collection":[{"href":"https:\/\/pellininsumos.com\/index.php?rest_route=\/wp\/v2\/pages"}],"about":[{"href":"https:\/\/pellininsumos.com\/index.php?rest_route=\/wp\/v2\/types\/page"}],"author":[{"embeddable":true,"href":"https:\/\/pellininsumos.com\/index.php?rest_route=\/wp\/v2\/users\/1"}],"replies":[{"embeddable":true,"href":"https:\/\/pellininsumos.com\/index.php?rest_route=%2Fwp%2Fv2%2Fcomments&post=1059"}],"version-history":[{"count":7,"href":"https:\/\/pellininsumos.com\/index.php?rest_route=\/wp\/v2\/pages\/1059\/revisions"}],"predecessor-version":[{"id":1073,"href":"https:\/\/pellininsumos.com\/index.php?rest_route=\/wp\/v2\/pages\/1059\/revisions\/1073"}],"wp:attachment":[{"href":"https:\/\/pellininsumos.com\/index.php?rest_route=%2Fwp%2Fv2%2Fmedia&parent=1059"}],"curies":[{"name":"wp","href":"https:\/\/api.w.org\/{rel}","templated":true}]}}